{"id":63,"date":"2018-07-23T11:14:53","date_gmt":"2018-07-23T11:14:53","guid":{"rendered":"http:\/\/www.martadeornelas.pt\/cms\/about\/"},"modified":"2019-12-26T15:35:15","modified_gmt":"2019-12-26T15:35:15","slug":"sobre","status":"publish","type":"page","link":"https:\/\/www.martadeornelas.pt\/pt-pt\/sobre\/","title":{"rendered":"Sobre"},"content":{"rendered":"<p style=\"text-align: center; font-size: 36px; line-height: 40px;\"><strong>\u00danica. Improv\u00e1vel. Irreverente.<\/strong><\/p>\n<p>&nbsp;<\/p>\n<p style=\"text-align: center; font-size: 20px; line-height: 26px;\">48 anos, casada, m\u00e3e de dois filhos e banc\u00e1ria de profiss\u00e3o.<\/p>\n<p>&nbsp;<\/p>\n<p style=\"text-align: center; font-size: 20px; line-height: 26px;\">Marta de Ornelas descobriu o seu verdadeiro talento em 2016, quando num feliz acaso decidiu experimentar criar pe\u00e7as de arte com objetos comuns, muitas vezes sem ter ideia para o que os mesmos serviam, sabendo simplesmente que neles existia um imenso potencial e uma beleza escondida, que merecia ser partilhada.<\/p>\n<p>&nbsp;<\/p>\n<p style=\"text-align: center; font-size: 20px; line-height: 26px;\">Aos 40 anos esta foi uma descoberta e uma aprendizagem maravilhosa, e a sua tend\u00eancia para romancear a sua arte e deixar um pouco de si em cada pe\u00e7a produzida tem resultado num percurso profissional de sucesso, com visibilidade nacional e internacional ao longo dos anos.<\/p>\n<p>&nbsp;<\/p>\n<blockquote>\n<p style=\"text-align: center; font-size: 20px; line-height: 26px;\"><i><strong>\u201cMuitas vezes n\u00e3o fa\u00e7o ideia para que servem os materiais, mas acho-os bonitos. Cada pe\u00e7a \u00e9 feita para mim, pelo que tem muito de mim\u201d.<\/strong><\/i><\/p>\n<\/blockquote>\n<p>&nbsp;<\/p>\n<p style=\"text-align: center; font-size: 20px; line-height: 26px;\">O processo criativo de Marta de Ornelas assenta assim na apropria\u00e7\u00e3o e descontextualiza\u00e7\u00e3o de objetos do quotidiano, transformando os mesmos em obras de arte, acess\u00edveis a qualquer pessoa que se apaixone pelas mesmas tanto como a sua autora.<\/p>\n<p>&nbsp;<\/p>\n<p style=\"text-align: center; font-size: 20px; line-height: 26px;\">As suas pe\u00e7as raramente causam indiferen\u00e7a e retira a sua inspira\u00e7\u00e3o da simplicidade das coisas, da Mulher, delicada mas <strong>inquebr\u00e1vel<\/strong>, como a maioria dos materiais utilizados nas suas cria\u00e7\u00f5es.<\/p>\n","protected":false},"excerpt":{"rendered":"<p>\u00danica. Improv\u00e1vel. Irreverente. &nbsp; 48 anos, casada, m\u00e3e de dois filhos e banc\u00e1ria de profiss\u00e3o. &nbsp; Marta de Ornelas descobriu o seu verdadeiro talento em 2016, quando num feliz acaso decidiu experimentar criar pe\u00e7as de arte com objetos comuns, muitas vezes sem ter ideia para o que os mesmos serviam, sabendo simplesmente que neles existia [&hellip;]<\/p>\n","protected":false},"author":1,"featured_media":261,"parent":0,"menu_order":0,"comment_status":"closed","ping_status":"closed","template":"templates\/page-about.php","meta":[],"acf":[],"_links":{"self":[{"href":"https:\/\/www.martadeornelas.pt\/pt-pt\/wp-json\/wp\/v2\/pages\/63"}],"collection":[{"href":"https:\/\/www.martadeornelas.pt\/pt-pt\/wp-json\/wp\/v2\/pages"}],"about":[{"href":"https:\/\/www.martadeornelas.pt\/pt-pt\/wp-json\/wp\/v2\/types\/page"}],"author":[{"embeddable":true,"href":"https:\/\/www.martadeornelas.pt\/pt-pt\/wp-json\/wp\/v2\/users\/1"}],"replies":[{"embeddable":true,"href":"https:\/\/www.martadeornelas.pt\/pt-pt\/wp-json\/wp\/v2\/comments?post=63"}],"version-history":[{"count":18,"href":"https:\/\/www.martadeornelas.pt\/pt-pt\/wp-json\/wp\/v2\/pages\/63\/revisions"}],"predecessor-version":[{"id":230,"href":"https:\/\/www.martadeornelas.pt\/pt-pt\/wp-json\/wp\/v2\/pages\/63\/revisions\/230"}],"wp:featuredmedia":[{"embeddable":true,"href":"https:\/\/www.martadeornelas.pt\/pt-pt\/wp-json\/wp\/v2\/media\/261"}],"wp:attachment":[{"href":"https:\/\/www.martadeornelas.pt\/pt-pt\/wp-json\/wp\/v2\/media?parent=63"}],"curies":[{"name":"wp","href":"https:\/\/api.w.org\/{rel}","templated":true}]}}